{"id":264,"date":"2025-11-05T06:38:56","date_gmt":"2025-11-05T05:38:56","guid":{"rendered":"https:\/\/citoya.fr\/?page_id=264"},"modified":"2025-11-06T15:08:32","modified_gmt":"2025-11-06T14:08:32","slug":"creer-un-cercle-citoyen","status":"publish","type":"page","link":"https:\/\/citoya.fr\/index.php\/creer-un-cercle-citoyen\/","title":{"rendered":"Cr\u00e9er un Cercle citoyen"},"content":{"rendered":"\n<!-- HERO \u2013 CR\u00c9ER VOTRE CERCLE CITOYEN -->\n<div style=\"width: 100vw; margin-left: calc(50% - 50vw);\">\n\n  <section style=\"\n    position: relative;\n    width: 100%;\n    min-height: 42vh; \/* Hauteur r\u00e9duite de 40% *\/\n    background-image: url('http:\/\/citoya.fr\/wp-content\/uploads\/2025\/11\/les-membres-des-syndicats-travaillent-ensemble.jpg');\n    background-size: cover;\n    background-position: center;\n    background-repeat: no-repeat;\n    display: flex;\n    align-items: center;\n    justify-content: center;\n    text-align: center;\n    overflow: hidden;\n    color: #FFFFFF;\n  \">\n\n    <!-- D\u00e9grad\u00e9 de superposition -->\n    <div style=\"\n      position: absolute;\n      inset: 0;\n      background: linear-gradient(to bottom right, rgba(0, 87, 184, 0.55), rgba(225, 6, 0, 0.55));\n      z-index: 1;\n    \"><\/div>\n\n    <!-- Contenu centr\u00e9 -->\n    <div style=\"\n      position: relative;\n      z-index: 2;\n      padding: clamp(1.5rem, 4vw, 3rem);\n      max-width: 1000px;\n      animation: fadeSlideIn 1.2s ease-out forwards;\n      opacity: 0;\n      transform: translateY(40px);\n    \">\n      <h1 style=\"\n        font-family: 'Gilroy', 'Helvetica Neue', Arial, sans-serif;\n        font-size: clamp(1.8rem, 4.5vw, 2.8rem);\n        font-weight: 700;\n        margin-bottom: 0;\n        line-height: 1.3;\n      \">\n        Cr\u00e9er votre Cercle Citoyen\n      <\/h1>\n    <\/div>\n\n  <\/section>\n<\/div>\n\n<!-- Animation -->\n<style>\n@keyframes fadeSlideIn {\n  to {\n    opacity: 1;\n    transform: translateY(0);\n  }\n}\n<\/style>\n\n\n\n\n<div style=\"height:100px\" aria-hidden=\"true\" class=\"wp-block-spacer\"><\/div>\n\n\n\n<div style=\"height:100px\" aria-hidden=\"true\" class=\"wp-block-spacer\"><\/div>\n\n\n<div id='ff_form_4' class='ff_form_not_render'>Vous devez \u00eatre enregistr\u00e9 sur la plateforme de CITOYA pour demander la cr\u00e9ation d'un Cercle Citoyen<\/div>\n","protected":false},"excerpt":{"rendered":"<p>Cr\u00e9er votre Cercle Citoyen<\/p>\n","protected":false},"author":1,"featured_media":0,"parent":0,"menu_order":0,"comment_status":"closed","ping_status":"closed","template":"","meta":{"footnotes":""},"class_list":["post-264","page","type-page","status-publish"],"jetpack_sharing_enabled":true,"jetpack-related-posts":[{"id":110,"url":"https:\/\/citoya.fr\/index.php\/forum\/","url_meta":{"origin":264,"position":0},"title":"Les Cercles Citoyens","author":"Damien R","date":"29\/10\/2025","format":false,"excerpt":"Les Cercles Citoyens D\u00e9couvrez les espaces d\u2019\u00e9change et d\u2019action locale anim\u00e9s par les citoyens partout en France. Cr\u00e9er votre Cercle Citoyen","rel":"","context":"Article similaire","block_context":{"text":"Article similaire","link":""},"img":{"alt_text":"","src":"","width":0,"height":0},"classes":[]},{"id":206,"url":"https:\/\/citoya.fr\/index.php\/remerciement-pour-linscription\/","url_meta":{"origin":264,"position":1},"title":"Remerciement pour l&#8217;inscription","author":"Damien R","date":"01\/11\/2025","format":false,"excerpt":"Merci d\u2019avoir rejoint le mouvement CITOYA \ud83c\uddeb\ud83c\uddf7 Vous venez de poser un acte citoyen fort. Ensemble, nous faisons rena\u00eetre une d\u00e9mocratie vivante, locale et partag\u00e9e. \ud83d\udc49 Faites grandir le mouvement en le partageant autour de vous. \ud83d\udcac Partagez CITOYA autour de vous Un simple geste suffit pour rallier d\u2019autres citoyens.\u2026","rel":"","context":"Article similaire","block_context":{"text":"Article similaire","link":""},"img":{"alt_text":"","src":"","width":0,"height":0},"classes":[]},{"id":233,"url":"https:\/\/citoya.fr\/index.php\/charte-du-mouvement-citoya\/","url_meta":{"origin":264,"position":2},"title":"Charte du mouvement CITOYA","author":"Damien R","date":"03\/11\/2025","format":false,"excerpt":"Charte d\u2019adh\u00e9sion au mouvement CITOYA Version fondatrice 1.2 \u2013 F\u00e9vrier 2026 Pr\u00e9ambule La charte d\u2019adh\u00e9sion du mouvement citoyen CITOYA s\u2019adresse \u00e0 toutes celles et ceux qui souhaitent contribuer, de mani\u00e8re constructive et responsable, \u00e0 une d\u00e9mocratie plus participative, plus transparente et plus proche des r\u00e9alit\u00e9s locales. CITOYA est n\u00e9 d\u2019un\u2026","rel":"","context":"Article similaire","block_context":{"text":"Article similaire","link":""},"img":{"alt_text":"","src":"","width":0,"height":0},"classes":[]},{"id":114,"url":"https:\/\/citoya.fr\/","url_meta":{"origin":264,"position":3},"title":"Accueil CITOYA","author":"Damien R","date":"31\/10\/2025","format":false,"excerpt":"\u00catre citoyen, aujourd\u2019hui. Citoyen, nom masculin Personne consid\u00e9r\u00e9e comme membre d\u2019un \u00c9tat, jouissant des droits civiques et participant, par son engagement, \u00e0 la vie de la soci\u00e9t\u00e9. \u00catre citoyen, aujourd\u2019hui, ne se limite pas \u00e0 un statut administratif. C\u2019est prendre part, \u00e0 son \u00e9chelle, \u00e0 la vie de son territoire.\u2026","rel":"","context":"Article similaire","block_context":{"text":"Article similaire","link":""},"img":{"alt_text":"","src":"","width":0,"height":0},"classes":[]},{"id":292,"url":"https:\/\/citoya.fr\/index.php\/citoya-pilote-c\/","url_meta":{"origin":264,"position":4},"title":"Projet Pilote CITOYA","author":"Damien R","date":"05\/11\/2025","format":false,"excerpt":"Participez \u00e0 la Phase Pilote de CITOYA Le mouvement prend forme ! Rejoignez la communaut\u00e9 des citoyens qui s\u2019unissent pour imaginer, d\u00e9battre et agir ensemble, partout en France. Je rejoins le mouvement Une phase fondatrice et collective La phase pilote marque le point de d\u00e9part de l\u2019aventure CITOYA. Elle rassemble\u2026","rel":"","context":"Article similaire","block_context":{"text":"Article similaire","link":""},"img":{"alt_text":"","src":"","width":0,"height":0},"classes":[]},{"id":315,"url":"https:\/\/citoya.fr\/index.php\/mouvement-citoya\/","url_meta":{"origin":264,"position":5},"title":"Le mouvement CITOYA","author":"Damien R","date":"06\/11\/2025","format":false,"excerpt":"CITOYA : encourager une participation citoyenne constructive Une initiative libre et ind\u00e9pendante, n\u00e9e d\u2019un constat partag\u00e9 : renforcer le dialogue entre citoyens et institutions pour enrichir la vie d\u00e9mocratique locale. Le constat d\u2019une d\u00e9mocratie en tension Depuis plusieurs ann\u00e9es, de nombreux signaux montrent une difficult\u00e9 croissante \u00e0 faire vivre le\u2026","rel":"","context":"Article similaire","block_context":{"text":"Article similaire","link":""},"img":{"alt_text":"","src":"","width":0,"height":0},"classes":[]}],"_links":{"self":[{"href":"https:\/\/citoya.fr\/index.php\/wp-json\/wp\/v2\/pages\/264","targetHints":{"allow":["GET"]}}],"collection":[{"href":"https:\/\/citoya.fr\/index.php\/wp-json\/wp\/v2\/pages"}],"about":[{"href":"https:\/\/citoya.fr\/index.php\/wp-json\/wp\/v2\/types\/page"}],"author":[{"embeddable":true,"href":"https:\/\/citoya.fr\/index.php\/wp-json\/wp\/v2\/users\/1"}],"replies":[{"embeddable":true,"href":"https:\/\/citoya.fr\/index.php\/wp-json\/wp\/v2\/comments?post=264"}],"version-history":[{"count":6,"href":"https:\/\/citoya.fr\/index.php\/wp-json\/wp\/v2\/pages\/264\/revisions"}],"predecessor-version":[{"id":369,"href":"https:\/\/citoya.fr\/index.php\/wp-json\/wp\/v2\/pages\/264\/revisions\/369"}],"wp:attachment":[{"href":"https:\/\/citoya.fr\/index.php\/wp-json\/wp\/v2\/media?parent=264"}],"curies":[{"name":"wp","href":"https:\/\/api.w.org\/{rel}","templated":true}]}}